{"id":23,"date":"2014-06-06T12:06:28","date_gmt":"2014-06-06T12:06:28","guid":{"rendered":"http:\/\/www.vanorsouwkunststoffen.nl\/?page_id=23"},"modified":"2014-08-15T09:35:47","modified_gmt":"2014-08-15T09:35:47","slug":"matrijzenbouw-spuitgietmatrijs","status":"publish","type":"page","link":"http:\/\/www.vanorsouwkunststoffen.nl\/de\/matrijzenbouw-spuitgietmatrijs\/","title":{"rendered":"Matrijzenbouw &#8211; Spuitgietmatrijs"},"content":{"rendered":"<h1>Spritzgussform anfertigen lassen<\/h1>\n<p>Bei Van Orsouw Kunststoffen ist eine eigene Werkst\u00e4tte f\u00fcr die Gussformen untergebracht. Die Produktion von neuen Spritzgussformen kann daher an Dritte vergeben, oder im eigene Betrieb realisiert werden. \u00c4nderungen von Formen, sowie \u00a0Wartung und Reparaturen, k\u00f6nnen bei Van Orsouw Kunststoffen selbst verrichtet werden. Es ist auch m\u00f6glich, Formen zu lagern um sie zu einem sp\u00e4teren Zeitpunkt zu verarbeiten.<\/p>\n<p><img loading=\"lazy\" class=\"alignnone size-full wp-image-93\" src=\"http:\/\/www.vanorsouwkunststoffen.nl\/wp-content\/uploads\/2014\/06\/Matrijzen.jpg\" alt=\"Matrijzen\" width=\"1000\" height=\"1000\" srcset=\"http:\/\/www.vanorsouwkunststoffen.nl\/wp-content\/uploads\/2014\/06\/Matrijzen.jpg 1000w, http:\/\/www.vanorsouwkunststoffen.nl\/wp-content\/uploads\/2014\/06\/Matrijzen-150x150.jpg 150w, http:\/\/www.vanorsouwkunststoffen.nl\/wp-content\/uploads\/2014\/06\/Matrijzen-300x300.jpg 300w, http:\/\/www.vanorsouwkunststoffen.nl\/wp-content\/uploads\/2014\/06\/Matrijzen-270x270.jpg 270w, http:\/\/www.vanorsouwkunststoffen.nl\/wp-content\/uploads\/2014\/06\/Matrijzen-230x230.jpg 230w\" sizes=\"(max-width: 1000px) 100vw, 1000px\" \/><\/p>\n","protected":false},"excerpt":{"rendered":"<p>Spritzgussform anfertigen lassen Bei Van Orsouw Kunststoffen ist eine eigene Werkst\u00e4tte f\u00fcr die Gussformen untergebracht. Die Produktion von neuen Spritzgussformen kann daher an Dritte vergeben, oder im eigene Betrieb realisiert werden. \u00c4nderungen von Formen, sowie \u00a0Wartung und Reparaturen, k\u00f6nnen bei&hellip; <\/p>\n","protected":false},"author":1,"featured_media":0,"parent":0,"menu_order":0,"comment_status":"closed","ping_status":"open","template":"","meta":[],"_links":{"self":[{"href":"http:\/\/www.vanorsouwkunststoffen.nl\/de\/wp-json\/wp\/v2\/pages\/23"}],"collection":[{"href":"http:\/\/www.vanorsouwkunststoffen.nl\/de\/wp-json\/wp\/v2\/pages"}],"about":[{"href":"http:\/\/www.vanorsouwkunststoffen.nl\/de\/wp-json\/wp\/v2\/types\/page"}],"author":[{"embeddable":true,"href":"http:\/\/www.vanorsouwkunststoffen.nl\/de\/wp-json\/wp\/v2\/users\/1"}],"replies":[{"embeddable":true,"href":"http:\/\/www.vanorsouwkunststoffen.nl\/de\/wp-json\/wp\/v2\/comments?post=23"}],"version-history":[{"count":8,"href":"http:\/\/www.vanorsouwkunststoffen.nl\/de\/wp-json\/wp\/v2\/pages\/23\/revisions"}],"predecessor-version":[{"id":54,"href":"http:\/\/www.vanorsouwkunststoffen.nl\/de\/wp-json\/wp\/v2\/pages\/23\/revisions\/54"}],"wp:attachment":[{"href":"http:\/\/www.vanorsouwkunststoffen.nl\/de\/wp-json\/wp\/v2\/media?parent=23"}],"curies":[{"name":"wp","href":"https:\/\/api.w.org\/{rel}","templated":true}]}}